{"id":9243,"date":"2022-07-27T06:59:34","date_gmt":"2022-07-27T06:59:34","guid":{"rendered":"https:\/\/beautysba.co.uk\/product\/c-berrica-energy-face-serum-%d1%81%d1%8b%d0%b2%d0%be%d1%80%d0%be%d1%82%d0%ba%d0%b0-%d0%b4%d0%bb%d1%8f-%d0%bb%d0%b8%d1%86%d0%b0-%d1%8d%d0%bd%d0%b5%d1%80%d0%b3%d0%b5%d1%82%d0%b8%d1%87%d0%b5%d1%81\/"},"modified":"2022-10-02T19:52:21","modified_gmt":"2022-10-02T19:52:21","slug":"c-berrica-energija-veidas-serumas-veidas-energija-serumas","status":"publish","type":"product","link":"https:\/\/beautysba.co.uk\/lt\/produktas\/c-berrica-energija-veidas-serumas-veidas-energija-serumas\/","title":{"rendered":"&#8220;C-Berrica&#8221; energinis veido serumas 30ml"},"content":{"rendered":"<p>100 % privalomas daiktas aktyviems miesto gyventojams.<br \/>\nTonizuoja, gaivina ir suteikia odai energijos, suteikia vitamin\u0173 ir begalin\u012f energijos sraut\u0105, pa\u0161alina<br \/>\nnuovargio ir streso p\u0117dsakus, pripildyti jus gyvybingumo!<\/p>\n<p>Ekologi\u0161kas \u0161altalanki\u0173 hidrolatas d\u0117l didelio vitamino C kiekio pagreitina regeneracijos procesus ir padeda odai i\u0161laikyti dr\u0117gm\u0119, atkuria jos elastingum\u0105 ir stangrum\u0105.<\/p>\n<p>C-fitosteroliai sugeria ultravioletinius spindulius, yra nat\u016brali apsauga nuo saul\u0117s, i\u0161lygina veido od\u0105.<\/p>\n<p>Kolagenas prasiskverbia \u012f gilesnius odos sluoksnius, tod\u0117l ji tampa stangri ir elastinga, vis\u0105 dien\u0105 i\u0161laiko optimal\u0173 dr\u0117gm\u0117s lyg\u012f.<\/p>\n<p><strong>Kaip naudoti:<\/strong> nedidel\u012f serumo kiek\u012f tepkite ant sausos, \u0161varios odos, kol jis \u012fsigers, tada tepkite kremu.<\/p>\n<p>Vanduo, glicerinas, Hippophae Rhamnoides vaisi\u0173 vanduo WH H, natrio askorbilo fosfatas, Melilotus Albus \u017eied\u0173\/lap\u0173\/stieb\u0173 ekstraktas*, Achillea Asiatica \u017eied\u0173\/lap\u0173\/stieb\u0173 ekstraktasWH, Aralia Mandshurica lap\u0173\/stieb\u0173 ekstraktasWH, Chamomilla Recutita g\u0117li\u0173 ekstraktas*, Rhodiola Rosea \u0161akn\u0173 vanduo*, kofeinas, hidrolizuotas kvie\u010di\u0173 baltymas, natrio hialuronatas, fosfolipidai, Glycine Soja aliejus, glikolipidai, Glycine Soja steroliai, tokoferilas<br \/>\nacetatas, retinilo palmitatas, hidroksietilceliulioz\u0117, kaprilo\/kaprilo gliukozidas, natrio kokoilo glutamatas,<br \/>\nGlicerilo kaprilatas, poliglicerilo-6 oleatas, natrio surfaktinas, citrinos r\u016bg\u0161tis, benzilo alkoholis, etilheksilglicerinas,<br \/>\nNatrio benzoatas, kalio sorbatas, parfumas, CI 19140.<\/p>\n","protected":false},"excerpt":{"rendered":"<p>100 % privalomas daiktas aktyviems miesto gyventojams. Tonizuoja, gaivina ir suteikia odai energijos, suteikia vitamin\u0173 ir begalin\u012f energijos sraut\u0105, pa\u0161alina nuovargio ir streso p\u0117dsakus, pripildyti jus gyvybingumo! Ekologi\u0161kas \u0161altalanki\u0173 hidrolatas d\u0117l didelio vitamino C kiekio pagreitina regeneracijos procesus ir padeda odai i\u0161laikyti dr\u0117gm\u0119, atkuria jos elastingum\u0105 ir stangrum\u0105. C-fitosteroliai sugeria ultravioletinius spindulius, yra nat\u016brali apsauga [&hellip;]<\/p>\n","protected":false},"featured_media":9241,"comment_status":"open","ping_status":"closed","template":"","meta":[],"product_brand":[],"product_cat":[210,127],"product_tag":[],"class_list":{"0":"post-9243","1":"product","2":"type-product","3":"status-publish","4":"has-post-thumbnail","6":"product_cat-serumai","7":"product_cat-veidas","9":"first","10":"outofstock","11":"shipping-taxable","12":"purchasable","13":"product-type-simple"},"_links":{"self":[{"href":"https:\/\/beautysba.co.uk\/lt\/wp-json\/wp\/v2\/product\/9243","targetHints":{"allow":["GET"]}}],"collection":[{"href":"https:\/\/beautysba.co.uk\/lt\/wp-json\/wp\/v2\/product"}],"about":[{"href":"https:\/\/beautysba.co.uk\/lt\/wp-json\/wp\/v2\/types\/product"}],"replies":[{"embeddable":true,"href":"https:\/\/beautysba.co.uk\/lt\/wp-json\/wp\/v2\/comments?post=9243"}],"wp:featuredmedia":[{"embeddable":true,"href":"https:\/\/beautysba.co.uk\/lt\/wp-json\/wp\/v2\/media\/9241"}],"wp:attachment":[{"href":"https:\/\/beautysba.co.uk\/lt\/wp-json\/wp\/v2\/media?parent=9243"}],"wp:term":[{"taxonomy":"product_brand","embeddable":true,"href":"https:\/\/beautysba.co.uk\/lt\/wp-json\/wp\/v2\/product_brand?post=9243"},{"taxonomy":"product_cat","embeddable":true,"href":"https:\/\/beautysba.co.uk\/lt\/wp-json\/wp\/v2\/product_cat?post=9243"},{"taxonomy":"product_tag","embeddable":true,"href":"https:\/\/beautysba.co.uk\/lt\/wp-json\/wp\/v2\/product_tag?post=9243"}],"curies":[{"name":"wp","href":"https:\/\/api.w.org\/{rel}","templated":true}]}}