{"id":9255,"date":"2022-07-27T07:03:09","date_gmt":"2022-07-27T07:03:09","guid":{"rendered":"https:\/\/beautysba.co.uk\/product\/c-berrica-revitalizing-face-peeling-mask-%d0%bf%d0%b8%d0%bb%d0%b8%d0%bd%d0%b3-%d0%bc%d0%b0%d1%81%d0%ba%d0%b0-%d0%b4%d0%bb%d1%8f-%d0%bb%d0%b8%d1%86%d0%b0-%d0%be%d0%b1%d0%bd%d0%be%d0%b2%d0%bb\/"},"modified":"2022-10-02T19:52:21","modified_gmt":"2022-10-02T19:52:21","slug":"c-berrica-revitalizuojantis-veida-sveiciantis-maskuojantis-sveiciantis-maskuojantis-veidas-atnaujinimas","status":"publish","type":"product","link":"https:\/\/beautysba.co.uk\/lt\/produktas\/c-berrica-revitalizuojantis-veida-sveiciantis-maskuojantis-sveiciantis-maskuojantis-veidas-atnaujinimas\/","title":{"rendered":"&#8220;C-Berrica&#8221; atgaivinanti veido \u0161vei\u010diamoji kauk\u0117 145ml"},"content":{"rendered":"<div class=\"product-content entry-content\">\n<div class=\"woocommerce-tabs wc-tabs-wrapper product-tabs\">\n<div id=\"tab-description\" class=\"woocommerce-Tabs-panel product-tabs-panel woocommerce-Tabs-panel--description panel entry-content wc-tab product-tabs-panel-active\" role=\"tabpanel\" aria-labelledby=\"tab-title-description\">\n<div class=\"collapse-block\">\n<div class=\"collapse-block-content\">\n<p>&#8220;Atnaujinamoji veido pilingo kauk\u0117&#8221; yra nepakei\u010diama pagalbinink\u0117 kuriant tobul\u0105 od\u0105! I\u0161valo ir pagreitina vir\u0161utini\u0173 odos sluoksni\u0173 atsinaujinim\u0105, gr\u0105\u017eina odai gaivum\u0105 ir ne\u012ftik\u0117tin\u0105 spindes\u012f.<\/p>\n<p>Ekologi\u0161kas \u0161altalanki\u0173 hidrolatas d\u0117l didelio vitamino C kiekio pagreitina regeneracijos procesus ir padeda odai i\u0161laikyti dr\u0117gm\u0119, atkuria jos elastingum\u0105 ir stangrum\u0105.<\/p>\n<p>Aktyvioji vitamino C forma &#8220;Active C+&#8221; tinka net jautriai odai, puikiai veikia vir\u0161utinius odos sluoksnius, saugo nuo UV spinduli\u0173.<\/p>\n<p>Glikolio r\u016bg\u0161tis \u0161velniai \u0161vei\u010dia ir mink\u0161tina vir\u0161utinius odos sluoksnius, sutraukia poras ir veikia prie\u0161u\u017edegimi\u0161kai.<\/p>\n<p><strong>Naudojimas:<\/strong> U\u017etepkite kauk\u0119 ant sausos, \u0161varios odos, venkite aki\u0173 srities, palikite veikti 10-15 minu\u010di\u0173 ir nuplaukite drungnu vandeniu.<\/p>\n<p>Vanduo, glicerinas, glikolio r\u016bg\u0161tis, hidrinto krakmolo hidrolizatas, pantenolis, hidroksietilceliulioz\u0117, hidroksipropilo krakmolo fosfatas, Hippophae Rhamnoides vaisi\u0173 vanduoWH, natrio askorbilo fosfatas, pieno r\u016bg\u0161tis, Rosa Canina vaisi\u0173 ekstraktas*, Schisandra Chinensis ekstraktasWH, Salvia Officinalis lap\u0173 ekstraktas*, Flavocetraria Nivalis vanduoWH, Chamomilla Recutita g\u0117li\u0173 ekstraktas*, Calendula Officinalis g\u0117li\u0173 ekstraktas*, Aralia Mandshurica lap\u0173 ir stieb\u0173 ekstraktas, Caprylyl\/Capryl Glucoside, Sodium Cocoyl Glutamate, Glicerilo kaprilatas, citrin\u0173 r\u016bg\u0161tis, poliglicerilo-6 oleatas, natrio surfaktinas, natrio hidroksidas, benzilo alkoholis, natrio benzoatas, kalio sorbatas, etilheksilglicerinas, parfumas, CI 15985.<\/p>\n<\/div>\n<\/div>\n<\/div>\n<\/div>\n<\/div>\n","protected":false},"excerpt":{"rendered":"<p>&#8220;Atnaujinamoji veido pilingo kauk\u0117&#8221; yra nepakei\u010diama pagalbinink\u0117 kuriant tobul\u0105 od\u0105! I\u0161valo ir pagreitina vir\u0161utini\u0173 odos sluoksni\u0173 atsinaujinim\u0105, gr\u0105\u017eina odai gaivum\u0105 ir ne\u012ftik\u0117tin\u0105 spindes\u012f. Ekologi\u0161kas \u0161altalanki\u0173 hidrolatas d\u0117l didelio vitamino C kiekio pagreitina regeneracijos procesus ir padeda odai i\u0161laikyti dr\u0117gm\u0119, atkuria jos elastingum\u0105 ir stangrum\u0105. Aktyvioji vitamino C forma &#8220;Active C+&#8221; tinka net jautriai odai, puikiai [&hellip;]<\/p>\n","protected":false},"featured_media":9253,"comment_status":"open","ping_status":"closed","template":"","meta":[],"product_brand":[],"product_cat":[125,127,205],"product_tag":[],"class_list":{"0":"post-9255","1":"product","2":"type-product","3":"status-publish","4":"has-post-thumbnail","6":"product_cat-ispardavimas","7":"product_cat-veidas","8":"product_cat-veido-sveitikliai","10":"first","11":"outofstock","12":"sale","13":"shipping-taxable","14":"purchasable","15":"product-type-simple"},"_links":{"self":[{"href":"https:\/\/beautysba.co.uk\/lt\/wp-json\/wp\/v2\/product\/9255","targetHints":{"allow":["GET"]}}],"collection":[{"href":"https:\/\/beautysba.co.uk\/lt\/wp-json\/wp\/v2\/product"}],"about":[{"href":"https:\/\/beautysba.co.uk\/lt\/wp-json\/wp\/v2\/types\/product"}],"replies":[{"embeddable":true,"href":"https:\/\/beautysba.co.uk\/lt\/wp-json\/wp\/v2\/comments?post=9255"}],"wp:featuredmedia":[{"embeddable":true,"href":"https:\/\/beautysba.co.uk\/lt\/wp-json\/wp\/v2\/media\/9253"}],"wp:attachment":[{"href":"https:\/\/beautysba.co.uk\/lt\/wp-json\/wp\/v2\/media?parent=9255"}],"wp:term":[{"taxonomy":"product_brand","embeddable":true,"href":"https:\/\/beautysba.co.uk\/lt\/wp-json\/wp\/v2\/product_brand?post=9255"},{"taxonomy":"product_cat","embeddable":true,"href":"https:\/\/beautysba.co.uk\/lt\/wp-json\/wp\/v2\/product_cat?post=9255"},{"taxonomy":"product_tag","embeddable":true,"href":"https:\/\/beautysba.co.uk\/lt\/wp-json\/wp\/v2\/product_tag?post=9255"}],"curies":[{"name":"wp","href":"https:\/\/api.w.org\/{rel}","templated":true}]}}