{"id":9271,"date":"2022-07-27T07:11:57","date_gmt":"2022-07-27T07:11:57","guid":{"rendered":"https:\/\/beautysba.co.uk\/product\/aiga-siberica-hair-shampoo-repair-and-protection-%d1%88%d0%b0%d0%bc%d0%bf%d1%83%d0%bd%d1%8c-%d0%b4%d0%bb%d1%8f-%d0%bf%d0%be%d0%b2%d1%80%d0%b5%d0%b6%d0%b4%d0%b5%d0%bd%d0%bd%d1%8b%d1%85-%d0%b2%d0%be\/"},"modified":"2023-01-03T21:08:42","modified_gmt":"2023-01-03T21:08:42","slug":"aiga-siberica-plauku-sampunas-remontas-ir-apsauga-sampunas-pazeistiems-plaukams","status":"publish","type":"product","link":"https:\/\/beautysba.co.uk\/lt\/produktas\/aiga-siberica-plauku-sampunas-remontas-ir-apsauga-sampunas-pazeistiems-plaukams\/","title":{"rendered":"Taiga Siberica plauk\u0173 \u0161amp\u016bnas atkuriamasis ir apsauginis \u0161amp\u016bnas pa\u017eeistiems plaukams 270ml"},"content":{"rendered":"<p>\u0160velniai valo, atgaivina plaukus nuo \u0161akn\u0173 iki galiuk\u0173 ir suteikia jiems j\u0117g\u0173 bei energijos.<\/p>\n<p>Vanduo, natrio koko sulfatas, laurilo gliukozidas, natrio chloridas, kokamidopropilbetainas, sibirini\u0173 pu\u0161\u0173 spygli\u0173 ekstraktasWH*, rubin\u0173 (Rubus Chamaemorus) vaisi\u0173 ekstraktas*, hidrolizuoti kvie\u010di\u0173 baltymai, Hippophae Rhamnoides vaisi\u0173 vanduoWH*, Chamommilla Recutita \u017eied\u0173 ekstraktas*, vaistini\u0173 \u0161alavij\u0173 (Salvia Officinalis) lap\u0173 ekstraktas*, sibirini\u0173 egli\u0173 ekstraktasWH*, vaistini\u0173 medetk\u0173 \u017eied\u0173 ekstraktas*, Usnea Barbata ekstraktasWH*, guaro hidroksipropiltrimonio chloridas, Helianthus Annuus s\u0117kl\u0173 aliejus, Picea Abies lap\u0173 aliejus, Pinus Sylvestris lap\u0173 aliejus, Juniperus Communis med\u017ei\u0173 aliejus, citrin\u0173 r\u016bg\u0161tis, benzilo alkoholis, natrio benzoatas, kalio sorbatas, CI 15985, CI 19140, CI 42090, CI 14720, limonenas.<\/p>\n","protected":false},"excerpt":{"rendered":"<p>\u0160velniai valo, atgaivina plaukus nuo \u0161akn\u0173 iki galiuk\u0173 ir suteikia jiems j\u0117g\u0173 bei energijos. Vanduo, natrio koko sulfatas, laurilo gliukozidas, natrio chloridas, kokamidopropilbetainas, sibirini\u0173 pu\u0161\u0173 spygli\u0173 ekstraktasWH*, rubin\u0173 (Rubus Chamaemorus) vaisi\u0173 ekstraktas*, hidrolizuoti kvie\u010di\u0173 baltymai, Hippophae Rhamnoides vaisi\u0173 vanduoWH*, Chamommilla Recutita \u017eied\u0173 ekstraktas*, vaistini\u0173 \u0161alavij\u0173 (Salvia Officinalis) lap\u0173 ekstraktas*, sibirini\u0173 egli\u0173 ekstraktasWH*, vaistini\u0173 medetk\u0173 \u017eied\u0173 [&hellip;]<\/p>\n","protected":false},"featured_media":9269,"comment_status":"open","ping_status":"closed","template":"","meta":[],"product_brand":[],"product_cat":[211,216],"product_tag":[],"class_list":{"0":"post-9271","1":"product","2":"type-product","3":"status-publish","4":"has-post-thumbnail","6":"product_cat-hair-lt","7":"product_cat-sampunai","9":"first","10":"outofstock","11":"shipping-taxable","12":"purchasable","13":"product-type-simple"},"_links":{"self":[{"href":"https:\/\/beautysba.co.uk\/lt\/wp-json\/wp\/v2\/product\/9271","targetHints":{"allow":["GET"]}}],"collection":[{"href":"https:\/\/beautysba.co.uk\/lt\/wp-json\/wp\/v2\/product"}],"about":[{"href":"https:\/\/beautysba.co.uk\/lt\/wp-json\/wp\/v2\/types\/product"}],"replies":[{"embeddable":true,"href":"https:\/\/beautysba.co.uk\/lt\/wp-json\/wp\/v2\/comments?post=9271"}],"wp:featuredmedia":[{"embeddable":true,"href":"https:\/\/beautysba.co.uk\/lt\/wp-json\/wp\/v2\/media\/9269"}],"wp:attachment":[{"href":"https:\/\/beautysba.co.uk\/lt\/wp-json\/wp\/v2\/media?parent=9271"}],"wp:term":[{"taxonomy":"product_brand","embeddable":true,"href":"https:\/\/beautysba.co.uk\/lt\/wp-json\/wp\/v2\/product_brand?post=9271"},{"taxonomy":"product_cat","embeddable":true,"href":"https:\/\/beautysba.co.uk\/lt\/wp-json\/wp\/v2\/product_cat?post=9271"},{"taxonomy":"product_tag","embeddable":true,"href":"https:\/\/beautysba.co.uk\/lt\/wp-json\/wp\/v2\/product_tag?post=9271"}],"curies":[{"name":"wp","href":"https:\/\/api.w.org\/{rel}","templated":true}]}}