{"id":9352,"date":"2022-07-27T07:44:43","date_gmt":"2022-07-27T07:44:43","guid":{"rendered":"https:\/\/beautysba.co.uk\/product\/%d1%80%d0%b5%d1%86%d0%b5%d0%bf%d1%82%d1%8b-%d0%b1%d0%b0%d0%b1%d1%83%d1%88%d0%ba%d0%b8-%d0%b0%d0%b3%d0%b0%d1%84%d1%8c%d0%b8-%d0%b1%d0%b0%d0%bb%d1%8c%d0%b7%d0%b0%d0%bc-%d0%b4%d0%bb%d1%8f-%d0%b2%d0%be-4\/"},"modified":"2023-04-08T22:00:52","modified_gmt":"2023-04-08T22:00:52","slug":"seneles-agafijos-receptas-balzamas-wo-4","status":"publish","type":"product","link":"https:\/\/beautysba.co.uk\/lt\/produktas\/seneles-agafijos-receptas-balzamas-wo-4\/","title":{"rendered":"Senel\u0117s Agafjos receptai Propolio g\u0117li\u0173 plauk\u0173 balzamas #4 550ml"},"content":{"rendered":"<p>Propolis nuo seno vertinamas d\u0117l savo nauding\u0173 ir gydom\u0173j\u0173 savybi\u0173. Iki \u0161i\u0173 dien\u0173 propolis gelbsti \u017emones nuo negalavim\u0173 ir lig\u0173, padeda atkurti gyvybingum\u0105, i\u0161saugoti gro\u017e\u012f ir jaunyst\u0119. Gamindami balzam\u0105 Nr. 4 ant g\u0117li\u0173 propolio, mo\u010diut\u0117s Agafjos recept\u0105 papild\u0117me ekologi\u0161ku g\u0117li\u0173 va\u0161ku, pievini\u0173 migdol\u0173, verben\u0173 eteriniais aliejais ir propolio pieneliu, kad plaukai \u012fgaut\u0173 dar daugiau apimties ir \u017evilgesio. Propolio \u017eied\u0173 kondicionierius suteikia plaukams glotnumo ir paklusnumo, pagerina j\u0173 formavim\u0105 ir suteikia papildomos apimties.<\/p>\n<table class=\"product-features__table\">\n<tbody>\n<tr class=\"product-features__row\">\n<th class=\"product-features__cell product-features__cell--h\">Sud\u0117tis<\/th>\n<td class=\"product-features__cell\">Vanduo, cetearilo alkoholis, cetrimonio chloridas, behentrimonio chloridas, guaro hidroksipropiltrimonio chloridas, amodimetikonas, propolio ekstraktas*, vaistin\u0117s medetkos \u017eied\u0173 ekstraktas*, vaistin\u0117s ramun\u0117l\u0117s (Calendula Officinalis) \u017eied\u0173 ekstraktas*, vaistin\u0117s ramun\u0117l\u0117s (Chamomilla Recutita) \u017eied\u0173 vanduo*, japonin\u0117s \u0161una\u017eol\u0117s (Sophora Japonica) \u017eied\u0173 ekstraktas, Helianthus Annuus s\u0117kl\u0173 aliejus, Cera Alba*, levandulos (Lavandula Angustifolia) aliejus, Chamomilla Recutita aliejus, melas*, pantenolis, sibirini\u0173 pu\u0161\u0173 spygli\u0173 ekstraktas, sibirini\u0173 pu\u0161\u0173 s\u0117kl\u0173 aliejus, sibirini\u0173 pu\u0161\u0173 s\u0117kl\u0173 aliejaus poliglicerilo-6 esteriai, ksantano derva, Hidrolizuoti pieno baltymai, trideceti-12, Ceteareth-20, citrinos r\u016bg\u0161tis, parfumas, metilchlorizotiazolinonas, metilizotiazolinonas, CI 16255, CI 15985, CI 19140, CI 42090, CI 14720.<br \/>\n(*) &#8211; ekologi\u0161ki ingredientai<\/td>\n<\/tr>\n<\/tbody>\n<\/table>\n","protected":false},"excerpt":{"rendered":"<p>Propolis nuo seno vertinamas d\u0117l savo nauding\u0173 ir gydom\u0173j\u0173 savybi\u0173. Iki \u0161i\u0173 dien\u0173 propolis gelbsti \u017emones nuo negalavim\u0173 ir lig\u0173, padeda atkurti gyvybingum\u0105, i\u0161saugoti gro\u017e\u012f ir jaunyst\u0119. Gamindami balzam\u0105 Nr. 4 ant g\u0117li\u0173 propolio, mo\u010diut\u0117s Agafjos recept\u0105 papild\u0117me ekologi\u0161ku g\u0117li\u0173 va\u0161ku, pievini\u0173 migdol\u0173, verben\u0173 eteriniais aliejais ir propolio pieneliu, kad plaukai \u012fgaut\u0173 dar daugiau apimties [&hellip;]<\/p>\n","protected":false},"featured_media":9350,"comment_status":"open","ping_status":"closed","template":"","meta":[],"product_brand":[],"product_cat":[211,125,212],"product_tag":[],"class_list":{"0":"post-9352","1":"product","2":"type-product","3":"status-publish","4":"has-post-thumbnail","6":"product_cat-hair-lt","7":"product_cat-ispardavimas","8":"product_cat-kondicionieriai-balzamai","10":"first","11":"outofstock","12":"sale","13":"shipping-taxable","14":"purchasable","15":"product-type-simple"},"_links":{"self":[{"href":"https:\/\/beautysba.co.uk\/lt\/wp-json\/wp\/v2\/product\/9352","targetHints":{"allow":["GET"]}}],"collection":[{"href":"https:\/\/beautysba.co.uk\/lt\/wp-json\/wp\/v2\/product"}],"about":[{"href":"https:\/\/beautysba.co.uk\/lt\/wp-json\/wp\/v2\/types\/product"}],"replies":[{"embeddable":true,"href":"https:\/\/beautysba.co.uk\/lt\/wp-json\/wp\/v2\/comments?post=9352"}],"wp:featuredmedia":[{"embeddable":true,"href":"https:\/\/beautysba.co.uk\/lt\/wp-json\/wp\/v2\/media\/9350"}],"wp:attachment":[{"href":"https:\/\/beautysba.co.uk\/lt\/wp-json\/wp\/v2\/media?parent=9352"}],"wp:term":[{"taxonomy":"product_brand","embeddable":true,"href":"https:\/\/beautysba.co.uk\/lt\/wp-json\/wp\/v2\/product_brand?post=9352"},{"taxonomy":"product_cat","embeddable":true,"href":"https:\/\/beautysba.co.uk\/lt\/wp-json\/wp\/v2\/product_cat?post=9352"},{"taxonomy":"product_tag","embeddable":true,"href":"https:\/\/beautysba.co.uk\/lt\/wp-json\/wp\/v2\/product_tag?post=9352"}],"curies":[{"name":"wp","href":"https:\/\/api.w.org\/{rel}","templated":true}]}}