{"id":9370,"date":"2022-07-27T07:50:45","date_gmt":"2022-07-27T07:50:45","guid":{"rendered":"https:\/\/beautysba.co.uk\/product\/%d1%80%d0%b5%d1%86%d0%b5%d0%bf%d1%82%d1%8b-%d0%b1%d0%b0%d0%b1%d1%83%d1%88%d0%ba%d0%b8-%d0%b0%d0%b3%d0%b0%d1%84%d1%8c%d0%b8-%d1%88%d0%b0%d0%bc%d0%bf%d1%83%d0%bd%d1%8c-%d0%b4%d0%bb%d1%8f-%d0%b2%d0%be-3\/"},"modified":"2022-08-13T15:32:46","modified_gmt":"2022-08-13T15:32:46","slug":"seneles-mociutes-agafijos-receptai-sampunas-dviems-3","status":"publish","type":"product","link":"https:\/\/beautysba.co.uk\/lt\/produktas\/seneles-mociutes-agafijos-receptai-sampunas-dviems-3\/","title":{"rendered":"Babushka Agafya receptai Propolis Cedar plauk\u0173 \u0161amp\u016bnas #1 550ml"},"content":{"rendered":"<p>Propolis nuo seno vertinamas d\u0117l savo nauding\u0173 ir gydom\u0173j\u0173 savybi\u0173. Iki \u0161i\u0173 dien\u0173 propolis gelbsti \u017emones nuo negalavim\u0173 ir lig\u0173, padeda atkurti gyvybingum\u0105, i\u0161saugoti gro\u017e\u012f ir jaunyst\u0119. Sibiro \u017eolinink\u0117 Agafija Ermakova da\u017enai naudojo propol\u012f \u0161amp\u016bnams gaminti. Senel\u0117 Agafija sakydavo: &#8220;Jei norite, kad j\u016bs\u0173 plaukai b\u016bt\u0173 stipr\u016bs ir ilgi, paimkite propolio netoli kedr\u0173 mi\u0161k\u0173, leiskite jam i\u0161mirkti egli\u0173 dervoje ir taigos \u017eolel\u0117se, \u012fpilkite gero muilo ir plaukite plaukus, kad jie b\u016bt\u0173 sveiki. Gamindami \u0161amp\u016bn\u0105 pagal recept\u0105 Nr. 1 su kedro propoliu, \u012f j\u012f prid\u0117jome ekologi\u0161ko g\u0117li\u0173 va\u0161ko ir er\u0161k\u0117tuogi\u0173 bei kedro eterini\u0173 aliej\u0173, kad plaukai b\u016bt\u0173 dar veiksmingiau ir efektyviau stiprinami. Kedr\u0173 propolio \u0161amp\u016bnas aktyviai stiprina plaukus, veiksmingai atkuria pa\u017eeist\u0105 j\u0173 strukt\u016br\u0105.<\/p>\n<table class=\"product-features__table\">\n<tbody>\n<tr class=\"product-features__row\">\n<th class=\"product-features__cell product-features__cell--h\">Sud\u0117tis<\/th>\n<td class=\"product-features__cell\">Vanduo, natrio laureto sulfatas, natrio chloridas, kokamido DEA, kokamidopropil betainas, guaro hidroksipropiltrimonio chloridas, propolio ekstraktas, pu\u0161\u0173 (Pinus Sibirica) s\u0117kl\u0173 aliejus, Inula Helenium ekstraktas, Humulus Lupulus \u017eied\u0173 ekstraktas, Helianthus Annuus hibridinis aliejus, Cera Alba, Cedrus Atlantica \u017eiev\u0117s aliejus, Chamomila Recutita aliejus, Geranium Sibiricum ekstraktas, Panax Ginseng \u0161akn\u0173 ekstraktas, Panthenol, Niacinamid, Saponaria Officinalis \u0161akn\u0173 ekstraktas, Citrinos r\u016bg\u0161tis, Parfum, Mehylchloroisothiazolinone, Methylisothiazolinone, CI 15985, CI 19140, CI 42090, CI 14720, CI 16035<\/td>\n<\/tr>\n<\/tbody>\n<\/table>\n","protected":false},"excerpt":{"rendered":"<p>Propolis nuo seno vertinamas d\u0117l savo nauding\u0173 ir gydom\u0173j\u0173 savybi\u0173. Iki \u0161i\u0173 dien\u0173 propolis gelbsti \u017emones nuo negalavim\u0173 ir lig\u0173, padeda atkurti gyvybingum\u0105, i\u0161saugoti gro\u017e\u012f ir jaunyst\u0119. Sibiro \u017eolinink\u0117 Agafija Ermakova da\u017enai naudojo propol\u012f \u0161amp\u016bnams gaminti. Senel\u0117 Agafija sakydavo: &#8220;Jei norite, kad j\u016bs\u0173 plaukai b\u016bt\u0173 stipr\u016bs ir ilgi, paimkite propolio netoli kedr\u0173 mi\u0161k\u0173, leiskite jam [&hellip;]<\/p>\n","protected":false},"featured_media":9368,"comment_status":"open","ping_status":"closed","template":"","meta":[],"product_brand":[],"product_cat":[211,125,216],"product_tag":[],"class_list":{"0":"post-9370","1":"product","2":"type-product","3":"status-publish","4":"has-post-thumbnail","6":"product_cat-hair-lt","7":"product_cat-ispardavimas","8":"product_cat-sampunai","10":"first","11":"outofstock","12":"sale","13":"shipping-taxable","14":"purchasable","15":"product-type-simple"},"_links":{"self":[{"href":"https:\/\/beautysba.co.uk\/lt\/wp-json\/wp\/v2\/product\/9370","targetHints":{"allow":["GET"]}}],"collection":[{"href":"https:\/\/beautysba.co.uk\/lt\/wp-json\/wp\/v2\/product"}],"about":[{"href":"https:\/\/beautysba.co.uk\/lt\/wp-json\/wp\/v2\/types\/product"}],"replies":[{"embeddable":true,"href":"https:\/\/beautysba.co.uk\/lt\/wp-json\/wp\/v2\/comments?post=9370"}],"wp:featuredmedia":[{"embeddable":true,"href":"https:\/\/beautysba.co.uk\/lt\/wp-json\/wp\/v2\/media\/9368"}],"wp:attachment":[{"href":"https:\/\/beautysba.co.uk\/lt\/wp-json\/wp\/v2\/media?parent=9370"}],"wp:term":[{"taxonomy":"product_brand","embeddable":true,"href":"https:\/\/beautysba.co.uk\/lt\/wp-json\/wp\/v2\/product_brand?post=9370"},{"taxonomy":"product_cat","embeddable":true,"href":"https:\/\/beautysba.co.uk\/lt\/wp-json\/wp\/v2\/product_cat?post=9370"},{"taxonomy":"product_tag","embeddable":true,"href":"https:\/\/beautysba.co.uk\/lt\/wp-json\/wp\/v2\/product_tag?post=9370"}],"curies":[{"name":"wp","href":"https:\/\/api.w.org\/{rel}","templated":true}]}}