{"id":9420,"date":"2022-07-27T06:47:17","date_gmt":"2022-07-27T06:47:17","guid":{"rendered":"https:\/\/beautysba.co.uk\/product\/maxi-vita-premium-super-line-n30\/"},"modified":"2026-04-24T09:15:13","modified_gmt":"2026-04-24T09:15:13","slug":"maxi-vita-premium-super-line-n30","status":"publish","type":"product","link":"https:\/\/beautysba.co.uk\/lt\/produktas\/maxi-vita-premium-super-line-n30\/","title":{"rendered":"&#8220;Maxi Vita Premium Super Line N30"},"content":{"rendered":"<p><span class=\"JLqJ4b ChMk0b\" data-language-for-alternatives=\"ru\" data-language-to-translate-into=\"cs\" data-phrase-index=\"10\" data-number-of-phrases=\"14\"><span class=\"Q4iAWc\">&#8220;Maxi Vita Premium Super Line&#8221; sud\u0117tyje yra nat\u016brali\u0173 Garcinia garsinijos, apelsin\u0173 \u017eievel\u0117s ir \u017ealiosios arbatos augal\u0173 ekstrakt\u0173.<\/span><\/span> <span class=\"JLqJ4b ChMk0b\" data-language-for-alternatives=\"ru\" data-language-to-translate-into=\"cs\" data-phrase-index=\"11\" data-number-of-phrases=\"14\"><span class=\"Q4iAWc\">Prane\u0161ama, kad veikliosios Garnica cambogia ekstrakto (hidroksicitrinin\u0117s r\u016bg\u0161ties) ir nerano ekstrakto (sinefrino) med\u017eiagos yra med\u017eiagos (termoreguliatoriai), kurios gali b\u016bti naudojamos svorio metimui.<\/span><\/span> <span class=\"JLqJ4b ChMk0b\" data-language-for-alternatives=\"ru\" data-language-to-translate-into=\"cs\" data-phrase-index=\"12\" data-number-of-phrases=\"14\"><span class=\"Q4iAWc\">D\u0117l savo veikli\u0173j\u0173 med\u017eiag\u0173 (polifenoli\u0173, katechin\u0173) \u017ealiosios arbatos ekstraktas \u017einomas kaip svarbus antioksidantas.<\/span><\/span> <span class=\"JLqJ4b ChMk0b\" data-language-for-alternatives=\"ru\" data-language-to-translate-into=\"cs\" data-phrase-index=\"13\" data-number-of-phrases=\"14\"><span class=\"Q4iAWc\">Vitaminas C ir chromas prisideda prie normalios energijos apykaitos, normalios makroelement\u0173 (baltym\u0173, angliavandeni\u0173, riebal\u0173) apykaitos, normalaus gliukoz\u0117s kiekio kraujyje palaikymo, nuovargio ir i\u0161sekimo ma\u017einimo, normalios imunin\u0117s sistemos veiklos ir apsaugos nuo oksidacinio streso.<\/span><\/span><\/p>\n","protected":false},"excerpt":{"rendered":"<p>&#8220;Maxi Vita Premium Super Line&#8221; sud\u0117tyje yra nat\u016brali\u0173 Garcinia garsinijos, apelsin\u0173 \u017eievel\u0117s ir \u017ealiosios arbatos augal\u0173 ekstrakt\u0173. Prane\u0161ama, kad veikliosios Garnica cambogia ekstrakto (hidroksicitrinin\u0117s r\u016bg\u0161ties) ir nerano ekstrakto (sinefrino) med\u017eiagos yra med\u017eiagos (termoreguliatoriai), kurios gali b\u016bti naudojamos svorio metimui. D\u0117l savo veikli\u0173j\u0173 med\u017eiag\u0173 (polifenoli\u0173, katechin\u0173) \u017ealiosios arbatos ekstraktas \u017einomas kaip svarbus antioksidantas. Vitaminas C ir [&hellip;]<\/p>\n","protected":false},"featured_media":9212,"comment_status":"open","ping_status":"closed","template":"","meta":[],"product_brand":[],"product_cat":[217,329,220],"product_tag":[],"class_list":{"0":"post-9420","1":"product","2":"type-product","3":"status-publish","4":"has-post-thumbnail","6":"product_cat-sveikatos-prieziura","7":"product_cat-svorio-metimui","8":"product_cat-zarnyno-sveikata","10":"first","11":"instock","12":"shipping-taxable","13":"purchasable","14":"product-type-simple"},"_links":{"self":[{"href":"https:\/\/beautysba.co.uk\/lt\/wp-json\/wp\/v2\/product\/9420","targetHints":{"allow":["GET"]}}],"collection":[{"href":"https:\/\/beautysba.co.uk\/lt\/wp-json\/wp\/v2\/product"}],"about":[{"href":"https:\/\/beautysba.co.uk\/lt\/wp-json\/wp\/v2\/types\/product"}],"replies":[{"embeddable":true,"href":"https:\/\/beautysba.co.uk\/lt\/wp-json\/wp\/v2\/comments?post=9420"}],"wp:featuredmedia":[{"embeddable":true,"href":"https:\/\/beautysba.co.uk\/lt\/wp-json\/wp\/v2\/media\/9212"}],"wp:attachment":[{"href":"https:\/\/beautysba.co.uk\/lt\/wp-json\/wp\/v2\/media?parent=9420"}],"wp:term":[{"taxonomy":"product_brand","embeddable":true,"href":"https:\/\/beautysba.co.uk\/lt\/wp-json\/wp\/v2\/product_brand?post=9420"},{"taxonomy":"product_cat","embeddable":true,"href":"https:\/\/beautysba.co.uk\/lt\/wp-json\/wp\/v2\/product_cat?post=9420"},{"taxonomy":"product_tag","embeddable":true,"href":"https:\/\/beautysba.co.uk\/lt\/wp-json\/wp\/v2\/product_tag?post=9420"}],"curies":[{"name":"wp","href":"https:\/\/api.w.org\/{rel}","templated":true}]}}