{"id":9465,"date":"2022-08-26T08:31:08","date_gmt":"2022-08-26T08:31:08","guid":{"rendered":"https:\/\/beautysba.co.uk\/product\/%d1%82%d0%be%d0%bd%d0%b8%d0%b7%d0%b8%d1%80%d1%83%d1%8e%d1%89%d0%b8%d0%b9-%d0%b3%d0%b5%d0%bb%d1%8c-%d0%b4%d0%bb%d1%8f-%d0%bd%d0%be%d0%b3-%d1%81-%d0%ba%d0%be%d0%bd%d1%81%d0%ba%d0%b8%d0%bc-%d0%ba%d0%b0\/"},"modified":"2022-08-26T12:47:23","modified_gmt":"2022-08-26T12:47:23","slug":"tonizuojantis-gelis-kojoms-su-sazine","status":"publish","type":"product","link":"https:\/\/beautysba.co.uk\/lt\/produktas\/tonizuojantis-gelis-kojoms-su-sazine\/","title":{"rendered":"Tonizuojantis p\u0117d\u0173 gelis su ka\u0161ton\u0173 ir pijok\u0173 ekstraktu &#8211; Horse Power, 500 ml"},"content":{"rendered":"<p>Gelio sud\u0117tyje esan\u010dios sudedamosios dalys suteikia pavir\u0161in\u012f v\u0117sinam\u0105j\u012f ir tonizuojam\u0105j\u012f poveik\u012f, tod\u0117l stiprina ven\u0173 sienel\u0119, didina ven\u0173 tonus\u0105 ir smulki\u0173j\u0173 kraujagysli\u0173 elastingum\u0105 bei j\u0173 pralaidum\u0105, u\u017etikrina normali\u0105 kraujotak\u0105, \u0161alina pavir\u0161inio u\u017edegimo po\u017eymius ir koj\u0173 sunkum\u0105.<\/p>\n<p>Reguliariai naudojamas gelis padeda palengvinti u\u017edegimo ir ven\u0173 s\u0105stovio simptomus ir suma\u017eina kapiliar\u0173 tinklo (voratinklini\u0173 ven\u0173) intensyvum\u0105.<\/p>\n<p>Rekomenduojama naudoti esant padid\u0117jusiam apatini\u0173 gal\u016bni\u0173 spaudimui, intensyviai sportuojant, padid\u0117jus kraujagysli\u0173 strukt\u016brai ir kaip pagalbin\u0119 priemon\u0119 kompleksi\u0161kai gydant ven\u0173 varikoz\u0119.<\/p>\n<p>Ka\u0161ton\u0173 ekstraktas &#8211; ma\u017eina kraujo kre\u0161\u0117jim\u0105, stiprina kapiliar\u0173 ir ven\u0173 sieneles, skatina kraujo kre\u0161uli\u0173 rezorbcij\u0105, apsaugo nuo kre\u0161uli\u0173 susidarymo.<\/p>\n<p>Medicinin\u0117s pijok\u0117s ekstraktas &#8211; ma\u017eina kraujo kre\u0161\u0117jim\u0105, didina kapiliar\u0173 pralaidum\u0105<\/p>\n<p>Privalumai:<\/p>\n<ul>\n<li>Pagaminta i\u0161 nat\u016brali\u0173 ingredient\u0173<\/li>\n<li>Sud\u0117tyje yra specialiai sukurtas mi\u0161inys &#8220;pavargusioms p\u0117doms<\/li>\n<li>Vienos pakuot\u0117s u\u017etenka 1 m\u0117nesiui \u012fprasto naudojimo<\/li>\n<li>Joki\u0173 apribojim\u0173 d\u0117l taikymo trukm\u0117s<\/li>\n<li>I\u0161laikytas \u017emoni\u0173 sertifikavimas<\/li>\n<\/ul>\n","protected":false},"excerpt":{"rendered":"<p>Gelio sud\u0117tyje esan\u010dios sudedamosios dalys suteikia pavir\u0161in\u012f v\u0117sinam\u0105j\u012f ir tonizuojam\u0105j\u012f poveik\u012f, tod\u0117l stiprina ven\u0173 sienel\u0119, didina ven\u0173 tonus\u0105 ir smulki\u0173j\u0173 kraujagysli\u0173 elastingum\u0105 bei j\u0173 pralaidum\u0105, u\u017etikrina normali\u0105 kraujotak\u0105, \u0161alina pavir\u0161inio u\u017edegimo po\u017eymius ir koj\u0173 sunkum\u0105. Reguliariai naudojamas gelis padeda palengvinti u\u017edegimo ir ven\u0173 s\u0105stovio simptomus ir suma\u017eina kapiliar\u0173 tinklo (voratinklini\u0173 ven\u0173) intensyvum\u0105. Rekomenduojama naudoti esant [&hellip;]<\/p>\n","protected":false},"featured_media":9463,"comment_status":"open","ping_status":"closed","template":"","meta":[],"product_brand":[],"product_cat":[218,219,217],"product_tag":[],"class_list":{"0":"post-9465","1":"product","2":"type-product","3":"status-publish","4":"has-post-thumbnail","6":"product_cat-kuno-prieziura","7":"product_cat-pedu-prieziura-lt","8":"product_cat-sveikatos-prieziura","10":"first","11":"outofstock","12":"shipping-taxable","13":"purchasable","14":"product-type-simple"},"_links":{"self":[{"href":"https:\/\/beautysba.co.uk\/lt\/wp-json\/wp\/v2\/product\/9465","targetHints":{"allow":["GET"]}}],"collection":[{"href":"https:\/\/beautysba.co.uk\/lt\/wp-json\/wp\/v2\/product"}],"about":[{"href":"https:\/\/beautysba.co.uk\/lt\/wp-json\/wp\/v2\/types\/product"}],"replies":[{"embeddable":true,"href":"https:\/\/beautysba.co.uk\/lt\/wp-json\/wp\/v2\/comments?post=9465"}],"wp:featuredmedia":[{"embeddable":true,"href":"https:\/\/beautysba.co.uk\/lt\/wp-json\/wp\/v2\/media\/9463"}],"wp:attachment":[{"href":"https:\/\/beautysba.co.uk\/lt\/wp-json\/wp\/v2\/media?parent=9465"}],"wp:term":[{"taxonomy":"product_brand","embeddable":true,"href":"https:\/\/beautysba.co.uk\/lt\/wp-json\/wp\/v2\/product_brand?post=9465"},{"taxonomy":"product_cat","embeddable":true,"href":"https:\/\/beautysba.co.uk\/lt\/wp-json\/wp\/v2\/product_cat?post=9465"},{"taxonomy":"product_tag","embeddable":true,"href":"https:\/\/beautysba.co.uk\/lt\/wp-json\/wp\/v2\/product_tag?post=9465"}],"curies":[{"name":"wp","href":"https:\/\/api.w.org\/{rel}","templated":true}]}}