{"id":9469,"date":"2022-08-26T08:28:54","date_gmt":"2022-08-26T08:28:54","guid":{"rendered":"https:\/\/beautysba.co.uk\/product\/%d0%bc%d0%be%d0%bb%d0%be%d1%87%d0%ba%d0%be-%d0%b4%d0%bb%d1%8f-%d0%b4%d0%b5%d0%bc%d0%b0%d0%ba%d0%b8%d1%8f%d0%b6%d0%b0-%d1%87%d0%b8%d1%81%d1%82%d0%b0%d1%8f-%d0%bb%d0%b8%d0%bd%d0%b8%d1%8f-100-%d0%bc\/"},"modified":"2022-08-26T12:47:24","modified_gmt":"2022-08-26T12:47:24","slug":"makiazo-salinimo-pienelis-clean-line-100-m","status":"publish","type":"product","link":"https:\/\/beautysba.co.uk\/lt\/produktas\/makiazo-salinimo-pienelis-clean-line-100-m\/","title":{"rendered":"&#8220;Clean Line&#8221; makia\u017eo pienelis 100 ml"},"content":{"rendered":"<p>Special\u016bs ingredientai veiksmingai ir \u0161velniai pa\u0161alina makia\u017e\u0105 ir mink\u0161tina od\u0105. Dilg\u0117li\u0173, ramun\u0117li\u0173, krauja\u017eoli\u0173, jona\u017eoli\u0173, jona\u017eoli\u0173, gyslo\u010di\u0173 nuovire yra didel\u0117 biologi\u0161kai aktyvi\u0173 med\u017eiag\u0173 koncentracija, u\u017etikrinanti optimali\u0105 odos mityb\u0105. Brukni\u0173 uogos pagerina veido spalv\u0105, nes sud\u0117tyje yra vitamin\u0173 C ir B2, o vitaminas E saugo od\u0105 nuo sen\u0117jimo.<span id=\"tmp-more-link\"><\/p>\n<p><\/span><\/p>\n<p>Vanduo, propilenglikolis, kaprilo\/kapriko trigliceridas, cetearilo alkoholis, Vaccinium Vitis-Idaea lap\u0173 ekstraktas, dilg\u0117li\u0173 (Urtica Dioica) lap\u0173 milteliai, vaistin\u0117s ramun\u0117l\u0117s (Chamomilla Recutita) \u017eiedai, Achillea Millefolium ekstraktas, Hypericum Perforatum \u017eied\u0173\/lap\u0173\/\u0161akn\u0173 ekstraktas, Chelidonium Majus ekstraktas, Soj\u0173 pupeli\u0173 aliejus (Glycine Soja), glicerinas, tokoferilo acetatas, akrilat\u0173\/C10-30 alkilo akrilato kry\u017epolimeras, citrinos r\u016bg\u0161tis, ciklopentasiloksanas, DMDM hidantoinas, etilparabenas, metilparabenas, Palmitino r\u016bg\u0161tis, parfumas, PEG-40 hidrintas ricin\u0173 aliejus, fenoksietanolis, kalio cetilo fosfatas, natrio benzoatas, stearino r\u016bg\u0161tis, trietanolaminas, heksil cinamalas, limonenas, linalolis.<\/p>\n","protected":false},"excerpt":{"rendered":"<p>Special\u016bs ingredientai veiksmingai ir \u0161velniai pa\u0161alina makia\u017e\u0105 ir mink\u0161tina od\u0105. Dilg\u0117li\u0173, ramun\u0117li\u0173, krauja\u017eoli\u0173, jona\u017eoli\u0173, jona\u017eoli\u0173, gyslo\u010di\u0173 nuovire yra didel\u0117 biologi\u0161kai aktyvi\u0173 med\u017eiag\u0173 koncentracija, u\u017etikrinanti optimali\u0105 odos mityb\u0105. Brukni\u0173 uogos pagerina veido spalv\u0105, nes sud\u0117tyje yra vitamin\u0173 C ir B2, o vitaminas E saugo od\u0105 nuo sen\u0117jimo. Vanduo, propilenglikolis, kaprilo\/kapriko trigliceridas, cetearilo alkoholis, Vaccinium Vitis-Idaea lap\u0173 [&hellip;]<\/p>\n","protected":false},"featured_media":9459,"comment_status":"open","ping_status":"closed","template":"","meta":[],"product_brand":[],"product_cat":[130,127],"product_tag":[],"class_list":{"0":"post-9469","1":"product","2":"type-product","3":"status-publish","4":"has-post-thumbnail","6":"product_cat-valomieji-kremai","7":"product_cat-veidas","9":"first","10":"outofstock","11":"shipping-taxable","12":"purchasable","13":"product-type-simple"},"_links":{"self":[{"href":"https:\/\/beautysba.co.uk\/lt\/wp-json\/wp\/v2\/product\/9469","targetHints":{"allow":["GET"]}}],"collection":[{"href":"https:\/\/beautysba.co.uk\/lt\/wp-json\/wp\/v2\/product"}],"about":[{"href":"https:\/\/beautysba.co.uk\/lt\/wp-json\/wp\/v2\/types\/product"}],"replies":[{"embeddable":true,"href":"https:\/\/beautysba.co.uk\/lt\/wp-json\/wp\/v2\/comments?post=9469"}],"wp:featuredmedia":[{"embeddable":true,"href":"https:\/\/beautysba.co.uk\/lt\/wp-json\/wp\/v2\/media\/9459"}],"wp:attachment":[{"href":"https:\/\/beautysba.co.uk\/lt\/wp-json\/wp\/v2\/media?parent=9469"}],"wp:term":[{"taxonomy":"product_brand","embeddable":true,"href":"https:\/\/beautysba.co.uk\/lt\/wp-json\/wp\/v2\/product_brand?post=9469"},{"taxonomy":"product_cat","embeddable":true,"href":"https:\/\/beautysba.co.uk\/lt\/wp-json\/wp\/v2\/product_cat?post=9469"},{"taxonomy":"product_tag","embeddable":true,"href":"https:\/\/beautysba.co.uk\/lt\/wp-json\/wp\/v2\/product_tag?post=9469"}],"curies":[{"name":"wp","href":"https:\/\/api.w.org\/{rel}","templated":true}]}}