{"id":9527,"date":"2022-09-09T13:41:27","date_gmt":"2022-09-09T13:41:27","guid":{"rendered":"https:\/\/beautysba.co.uk\/product\/%d1%81%d0%be%d0%bb%d1%8c-%d0%b4%d0%bb%d1%8f-%d0%b2%d0%b0%d0%bd%d0%bd-%d0%bc%d0%b8%d0%bd%d0%b5%d1%80%d0%b0%d0%bb%d1%8c%d0%bd%d0%b0%d1%8f-%d1%82%d0%b5%d1%80%d0%bc%d0%b0%d0%bb%d1%8c%d0%bd%d1%8b%d1%85\/"},"modified":"2023-05-26T06:11:34","modified_gmt":"2023-05-26T06:11:34","slug":"vonia-sale-mineralai-terminis","status":"publish","type":"product","link":"https:\/\/beautysba.co.uk\/lt\/produktas\/vonia-sale-mineralai-terminis\/","title":{"rendered":"Vonios druskos Baden Badeno termini\u0173 \u0161altini\u0173 mineralin\u0117s antistresin\u0117s druskos 500g"},"content":{"rendered":"<p>Baden Badeno druskos vonia suteikia harmonijos ir ramyb\u0117s, normalizuoja mieg\u0105, atpalaiduoja raumenis ir rai\u0161\u010dius, suteikia lengvumo poj\u016bt\u012f. Gardi Baden Badeno terminio \u0161altinio druska pripildo jus energijos, ma\u017eina \u012ftamp\u0105 ir nuovarg\u012f, i\u0161lygina emocin\u0119 b\u016bsen\u0105 ir padeda pamir\u0161ti visus r\u016bpes\u010dius. Druskoje esantys organiniai aliejai didina odos stangrum\u0105 ir tonus\u0105, ma\u017eina u\u017edegim\u0105 ir paraudim\u0105, lygina smulkias linijas ir rauk\u0161leles, i\u0161lygina reljef\u0105, turi prie\u0161u\u017edegimin\u012f ir antivirusin\u012f poveik\u012f. Jauskit\u0117s kaip karalien\u0117 su unikalia Baden Badeno termini\u0173 \u0161altini\u0173 druska<\/p>\n<p>Natrio chloridas (druska), Citrusini\u0173 bergamij\u0173 lap\u0173 aliejus, Makadamijos integrifolijos s\u0117kl\u0173 aliejus, CI 10020<\/p>\n","protected":false},"excerpt":{"rendered":"<p>Baden Badeno druskos vonia suteikia harmonijos ir ramyb\u0117s, normalizuoja mieg\u0105, atpalaiduoja raumenis ir rai\u0161\u010dius, suteikia lengvumo poj\u016bt\u012f. Gardi Baden Badeno terminio \u0161altinio druska pripildo jus energijos, ma\u017eina \u012ftamp\u0105 ir nuovarg\u012f, i\u0161lygina emocin\u0119 b\u016bsen\u0105 ir padeda pamir\u0161ti visus r\u016bpes\u010dius. Druskoje esantys organiniai aliejai didina odos stangrum\u0105 ir tonus\u0105, ma\u017eina u\u017edegim\u0105 ir paraudim\u0105, lygina smulkias linijas ir [&hellip;]<\/p>\n","protected":false},"featured_media":9525,"comment_status":"open","ping_status":"closed","template":"","meta":[],"product_brand":[],"product_cat":[190,191],"product_tag":[],"class_list":{"0":"post-9527","1":"product","2":"type-product","3":"status-publish","4":"has-post-thumbnail","6":"product_cat-prausimosi-priemones2","7":"product_cat-tualeto-reikmenys","9":"first","10":"outofstock","11":"shipping-taxable","12":"purchasable","13":"product-type-simple"},"_links":{"self":[{"href":"https:\/\/beautysba.co.uk\/lt\/wp-json\/wp\/v2\/product\/9527","targetHints":{"allow":["GET"]}}],"collection":[{"href":"https:\/\/beautysba.co.uk\/lt\/wp-json\/wp\/v2\/product"}],"about":[{"href":"https:\/\/beautysba.co.uk\/lt\/wp-json\/wp\/v2\/types\/product"}],"replies":[{"embeddable":true,"href":"https:\/\/beautysba.co.uk\/lt\/wp-json\/wp\/v2\/comments?post=9527"}],"wp:featuredmedia":[{"embeddable":true,"href":"https:\/\/beautysba.co.uk\/lt\/wp-json\/wp\/v2\/media\/9525"}],"wp:attachment":[{"href":"https:\/\/beautysba.co.uk\/lt\/wp-json\/wp\/v2\/media?parent=9527"}],"wp:term":[{"taxonomy":"product_brand","embeddable":true,"href":"https:\/\/beautysba.co.uk\/lt\/wp-json\/wp\/v2\/product_brand?post=9527"},{"taxonomy":"product_cat","embeddable":true,"href":"https:\/\/beautysba.co.uk\/lt\/wp-json\/wp\/v2\/product_cat?post=9527"},{"taxonomy":"product_tag","embeddable":true,"href":"https:\/\/beautysba.co.uk\/lt\/wp-json\/wp\/v2\/product_tag?post=9527"}],"curies":[{"name":"wp","href":"https:\/\/api.w.org\/{rel}","templated":true}]}}