{"id":9682,"date":"2022-10-21T19:20:26","date_gmt":"2022-10-21T19:20:26","guid":{"rendered":"https:\/\/beautysba.co.uk\/product\/%d0%ba%d1%80%d0%b5%d0%bc-%d0%b4%d0%bb%d1%8f-%d0%bb%d0%b8%d1%86%d0%b0-%d0%b0%d0%bb%d0%be%d1%8d-%d1%81%d0%b5%d0%bb%d1%8c%d0%b4%d0%b5%d1%80%d0%b5%d0%b9-%d1%83%d0%b2%d0%bb%d0%b0%d0%b6%d0%bd%d1%8f%d1%8e\/"},"modified":"2023-11-06T12:23:56","modified_gmt":"2023-11-06T12:23:56","slug":"veido-kremas-aliejus-selerija-drekiklis","status":"publish","type":"product","link":"https:\/\/beautysba.co.uk\/lt\/produktas\/veido-kremas-aliejus-selerija-drekiklis\/","title":{"rendered":"Dr\u0117kinamasis veido kremas &#8220;Aloe &amp; Celery Moisturising Face Cream Super Food&#8221; 100ml"},"content":{"rendered":"<div class=\"card-b__grid\">\n<div class=\"card-b__column card-b__column_about\">\n<div class=\"card-b__content card-b__content_show\">\n<div class=\"card-b__content-text\">Alavij\u0173 ir salier\u0173 pagrindu pagamintas veido kremas giliai dr\u0117kina, gaivina ir lygina veido spalv\u0105. Alavijas &#8211; supermaistingas augalas, kuriame yra 80 % dr\u0117gm\u0117s, kad oda b\u016bt\u0173 ilgai dr\u0117kinama. Salieruose gausu antioksidant\u0173 ir fitonutrient\u0173, kad oda b\u016bt\u0173 lygi ir sudr\u0117kinta 24 valandas.<\/div>\n<\/div>\n<div><\/div>\n<div>\n<div class=\"card-b__grid\">\n<div class=\"card-b__column card-b__column_about\">\n<div class=\"card-b__content card-b__content_show\">\n<div class=\"card-b__content-text\">Vanduo, Aloe Barbadensis ekstraktas, Apium Graveolens s\u0117kl\u0173 ekstraktas, Butyrospermum Parkii sviestas, Prunus Amygdalus Dulcis aliejus, Olea Europaea vaisi\u0173 aliejus, kaprilo ir sarino trigliceridai, glicerinas, Cetearilo alkoholis, glicerilo stearatas, Camellia Sinensis lap\u0173 ekstraktas, akrilat\u0173 ir vinilo izodekanoato kry\u017eminis polimeras, hialurono r\u016bg\u0161tis, arnikos (Arnica Montana) \u017eied\u0173 ekstraktas, parfumas, benzenkarboksir\u016bg\u0161tis, sorbo r\u016bg\u0161tis, dehidroacto r\u016bg\u0161tis, benzilo alkoholis, CI 75810.<\/div>\n<\/div>\n<\/div>\n<\/div>\n<div class=\"card-b__reviews\">\n<div class=\"bx-catalog-tab-body-container\">\n<div class=\"bx-catalog-tab-container\">\n<div id=\"soc_comments_2943BLOG_cont\" class=\"\">\n<div id=\"bx-cat-soc-comments-blg_2943\">\n<div id=\"comp_3203f9692d2490d2a424198435f4bbfd\">\n<div id=\"blg-comment-1168\" class=\"blog-comments\">\n<div class=\"card-b__reviews-head hide-on-mobile\"><\/div>\n<\/div>\n<\/div>\n<\/div>\n<\/div>\n<\/div>\n<\/div>\n<\/div>\n<\/div>\n<\/div>\n<\/div>\n<div class=\"card-b__reviews\">\n<div class=\"bx-catalog-tab-body-container\">\n<div class=\"bx-catalog-tab-container\">\n<div id=\"soc_comments_2943BLOG_cont\" class=\"\">\n<div id=\"bx-cat-soc-comments-blg_2943\">\n<div id=\"comp_3203f9692d2490d2a424198435f4bbfd\">\n<div id=\"blg-comment-1168\" class=\"blog-comments\">\n<div class=\"card-b__reviews-head hide-on-mobile\"><\/div>\n<\/div>\n<\/div>\n<\/div>\n<\/div>\n<\/div>\n<\/div>\n<\/div>\n","protected":false},"excerpt":{"rendered":"<p>Alavij\u0173 ir salier\u0173 pagrindu pagamintas veido kremas giliai dr\u0117kina, gaivina ir lygina veido spalv\u0105. Alavijas &#8211; supermaistingas augalas, kuriame yra 80 % dr\u0117gm\u0117s, kad oda b\u016bt\u0173 ilgai dr\u0117kinama. Salieruose gausu antioksidant\u0173 ir fitonutrient\u0173, kad oda b\u016bt\u0173 lygi ir sudr\u0117kinta 24 valandas. Vanduo, Aloe Barbadensis ekstraktas, Apium Graveolens s\u0117kl\u0173 ekstraktas, Butyrospermum Parkii sviestas, Prunus Amygdalus Dulcis [&hellip;]<\/p>\n","protected":false},"featured_media":9680,"comment_status":"open","ping_status":"closed","template":"","meta":[],"product_brand":[],"product_cat":[133,209,127],"product_tag":[],"class_list":{"0":"post-9682","1":"product","2":"type-product","3":"status-publish","4":"has-post-thumbnail","6":"product_cat-dienos-kremai","7":"product_cat-naktiniai-kremai","8":"product_cat-veidas","10":"first","11":"outofstock","12":"shipping-taxable","13":"purchasable","14":"product-type-simple"},"_links":{"self":[{"href":"https:\/\/beautysba.co.uk\/lt\/wp-json\/wp\/v2\/product\/9682","targetHints":{"allow":["GET"]}}],"collection":[{"href":"https:\/\/beautysba.co.uk\/lt\/wp-json\/wp\/v2\/product"}],"about":[{"href":"https:\/\/beautysba.co.uk\/lt\/wp-json\/wp\/v2\/types\/product"}],"replies":[{"embeddable":true,"href":"https:\/\/beautysba.co.uk\/lt\/wp-json\/wp\/v2\/comments?post=9682"}],"wp:featuredmedia":[{"embeddable":true,"href":"https:\/\/beautysba.co.uk\/lt\/wp-json\/wp\/v2\/media\/9680"}],"wp:attachment":[{"href":"https:\/\/beautysba.co.uk\/lt\/wp-json\/wp\/v2\/media?parent=9682"}],"wp:term":[{"taxonomy":"product_brand","embeddable":true,"href":"https:\/\/beautysba.co.uk\/lt\/wp-json\/wp\/v2\/product_brand?post=9682"},{"taxonomy":"product_cat","embeddable":true,"href":"https:\/\/beautysba.co.uk\/lt\/wp-json\/wp\/v2\/product_cat?post=9682"},{"taxonomy":"product_tag","embeddable":true,"href":"https:\/\/beautysba.co.uk\/lt\/wp-json\/wp\/v2\/product_tag?post=9682"}],"curies":[{"name":"wp","href":"https:\/\/api.w.org\/{rel}","templated":true}]}}