{"id":9768,"date":"2022-10-21T20:03:21","date_gmt":"2022-10-21T20:03:21","guid":{"rendered":"https:\/\/beautysba.co.uk\/product\/%d1%80%d0%b5%d1%86%d0%b5%d0%bf%d1%82%d1%8b-%d0%b1%d0%b0%d0%b1%d1%83%d1%88%d0%ba%d0%b8-%d0%b0%d0%b3%d0%b0%d1%84%d1%8c%d0%b8-%d1%85%d0%be%d0%b7%d1%8f%d0%b9%d1%81%d1%82%d0%b2%d0%b5%d0%bd%d0%bd%d0%be\/"},"modified":"2023-03-14T06:45:06","modified_gmt":"2023-03-14T06:45:06","slug":"receptai-granny-agafia-namu-gamybos","status":"publish","type":"product","link":"https:\/\/beautysba.co.uk\/lt\/produktas\/receptai-granny-agafia-namu-gamybos\/","title":{"rendered":"&#8220;Agafya Granny&#8217;s Recipes Cedar Household Soap&#8221; 2 litrai"},"content":{"rendered":"<p>\u012e muilo sud\u0117t\u012f \u012feina nat\u016bralus kedro aliejus &#8211; unikali nat\u016brali sudedamoji dalis, tod\u0117l jis puikiai tinka ne tik \u012fvairiems nam\u0173 ruo\u0161os darbams, bet ir teigiamai veikia od\u0105. Galima naudoti \u012fvairiems nam\u0173 ruo\u0161os darbams. Jis puikiai naikina riebalus ir bakterijas, tod\u0117l tinka indams plauti, vis\u0173 r\u016b\u0161i\u0173 pavir\u0161iams valyti, plauti tiek kar\u0161tame, tiek \u0161altame vandenyje ir \u0161alinti nemalonius kvapus.<br \/>\n1.Rank\u0173 plovimo muilas: nedidel\u012f kiek\u012f muilo atskieskite 2-3 litruose \u0161ilto vandens, i\u0161plaukite, gerai nuskalaukite vandeniu.<br \/>\n2. Pavir\u0161iams valyti: nedidel\u012f kiek\u012f muilo u\u017etepkite ant kempin\u0117s arba sutepto pavir\u0161iaus, kruop\u0161\u010diai nuvalykite pavir\u0161i\u0173 ir nuplaukite vandeniu.<br \/>\n3. Grindims valyti: \u012f 2-3 litrus vandens \u012fla\u0161inkite kelis la\u0161us muilo, nu\u0161veiskite grindis ir nuplaukite vandeniu.<br \/>\n4. Ind\u0173 ploviklis: nedidel\u012f kiek\u012f gelio u\u017etepkite ant kempin\u0117s, i\u0161plaukite indus, nuplaukite vandeniu.<\/p>\n","protected":false},"excerpt":{"rendered":"<p>\u012e muilo sud\u0117t\u012f \u012feina nat\u016bralus kedro aliejus &#8211; unikali nat\u016brali sudedamoji dalis, tod\u0117l jis puikiai tinka ne tik \u012fvairiems nam\u0173 ruo\u0161os darbams, bet ir teigiamai veikia od\u0105. Galima naudoti \u012fvairiems nam\u0173 ruo\u0161os darbams. Jis puikiai naikina riebalus ir bakterijas, tod\u0117l tinka indams plauti, vis\u0173 r\u016b\u0161i\u0173 pavir\u0161iams valyti, plauti tiek kar\u0161tame, tiek \u0161altame vandenyje ir \u0161alinti [&hellip;]<\/p>\n","protected":false},"featured_media":9766,"comment_status":"open","ping_status":"closed","template":"","meta":[],"product_brand":[],"product_cat":[200],"product_tag":[],"class_list":{"0":"post-9768","1":"product","2":"type-product","3":"status-publish","4":"has-post-thumbnail","6":"product_cat-namams","8":"first","9":"outofstock","10":"shipping-taxable","11":"purchasable","12":"product-type-simple"},"_links":{"self":[{"href":"https:\/\/beautysba.co.uk\/lt\/wp-json\/wp\/v2\/product\/9768","targetHints":{"allow":["GET"]}}],"collection":[{"href":"https:\/\/beautysba.co.uk\/lt\/wp-json\/wp\/v2\/product"}],"about":[{"href":"https:\/\/beautysba.co.uk\/lt\/wp-json\/wp\/v2\/types\/product"}],"replies":[{"embeddable":true,"href":"https:\/\/beautysba.co.uk\/lt\/wp-json\/wp\/v2\/comments?post=9768"}],"wp:featuredmedia":[{"embeddable":true,"href":"https:\/\/beautysba.co.uk\/lt\/wp-json\/wp\/v2\/media\/9766"}],"wp:attachment":[{"href":"https:\/\/beautysba.co.uk\/lt\/wp-json\/wp\/v2\/media?parent=9768"}],"wp:term":[{"taxonomy":"product_brand","embeddable":true,"href":"https:\/\/beautysba.co.uk\/lt\/wp-json\/wp\/v2\/product_brand?post=9768"},{"taxonomy":"product_cat","embeddable":true,"href":"https:\/\/beautysba.co.uk\/lt\/wp-json\/wp\/v2\/product_cat?post=9768"},{"taxonomy":"product_tag","embeddable":true,"href":"https:\/\/beautysba.co.uk\/lt\/wp-json\/wp\/v2\/product_tag?post=9768"}],"curies":[{"name":"wp","href":"https:\/\/api.w.org\/{rel}","templated":true}]}}