{"id":9775,"date":"2022-10-21T20:07:38","date_gmt":"2022-10-21T20:07:38","guid":{"rendered":"https:\/\/beautysba.co.uk\/product\/%d1%80%d0%b5%d1%86%d0%b5%d0%bf%d1%82%d1%8b-%d0%b1%d0%b0%d0%b1%d1%83%d1%88%d0%ba%d0%b8-%d0%b0%d0%b3%d0%b0%d1%84%d1%8c%d0%b8-%d0%bc%d1%8b%d0%bb%d0%be-%d0%be%d0%b1%d0%bb%d0%b5%d0%bf%d0%b8%d1%85%d0%be\/"},"modified":"2023-03-14T06:45:09","modified_gmt":"2023-03-14T06:45:09","slug":"receptai-granny-agafia-mylas-raktazoliu-muilas","status":"publish","type":"product","link":"https:\/\/beautysba.co.uk\/lt\/produktas\/receptai-granny-agafia-mylas-raktazoliu-muilas\/","title":{"rendered":"Senel\u0117s Agafjos receptai \u0160altalanki\u0173 muilas kasdieniam valymui, 2000 ml"},"content":{"rendered":"<p>Nuostabus Agafijos naminis \u0161altalanki\u0173 muilas sukurtas specialiai kasdieniam nam\u0173 valymui. D\u0117l savo formul\u0117s jis veiksmingai ir \u0161velniai valo, greitai ir lengvai nusiplauna, o jo naudojimas yra ekonomi\u0161kas.<\/p>\n<p>&nbsp;<\/p>\n<div class=\"container\">\n<div class=\"tabsform\">\n<div class=\"tab-content\">\n<div id=\"oo3\" class=\"tab-pane fade active show\">I\u0161grynintas vanduo, &lt;10 %: anijonin\u0117 pavir\u0161inio aktyvumo med\u017eiaga, nejonin\u0117 pavir\u0161inio aktyvumo med\u017eiaga, \u0161altalanki\u0173 aliejus, raudonojo muilo \u0161akn\u0173 ekstraktas, medetk\u0173 \u017eied\u0173 ekstraktas, brukni\u0173 lap\u0173 ekstraktas, kr\u016bmin\u0117s arbatos ekstraktas, druska, citrin\u0173 r\u016bg\u0161tis, konservantas Katonas, kvepal\u0173 sud\u0117tis.<\/div>\n<\/div>\n<\/div>\n<\/div>\n<footer>\n<div class=\"container\">\n<div class=\"row\">\n<div class=\"col-md-3 d-none d-md-block\"><\/div>\n<\/div>\n<\/div>\n<\/footer>\n","protected":false},"excerpt":{"rendered":"<p>Nuostabus Agafijos naminis \u0161altalanki\u0173 muilas sukurtas specialiai kasdieniam nam\u0173 valymui. D\u0117l savo formul\u0117s jis veiksmingai ir \u0161velniai valo, greitai ir lengvai nusiplauna, o jo naudojimas yra ekonomi\u0161kas. &nbsp; I\u0161grynintas vanduo, &lt;10 %: anijonin\u0117 pavir\u0161inio aktyvumo med\u017eiaga, nejonin\u0117 pavir\u0161inio aktyvumo med\u017eiaga, \u0161altalanki\u0173 aliejus, raudonojo muilo \u0161akn\u0173 ekstraktas, medetk\u0173 \u017eied\u0173 ekstraktas, brukni\u0173 lap\u0173 ekstraktas, kr\u016bmin\u0117s arbatos ekstraktas, [&hellip;]<\/p>\n","protected":false},"featured_media":9773,"comment_status":"open","ping_status":"closed","template":"","meta":[],"product_brand":[],"product_cat":[200],"product_tag":[],"class_list":{"0":"post-9775","1":"product","2":"type-product","3":"status-publish","4":"has-post-thumbnail","6":"product_cat-namams","8":"first","9":"outofstock","10":"shipping-taxable","11":"purchasable","12":"product-type-simple"},"_links":{"self":[{"href":"https:\/\/beautysba.co.uk\/lt\/wp-json\/wp\/v2\/product\/9775","targetHints":{"allow":["GET"]}}],"collection":[{"href":"https:\/\/beautysba.co.uk\/lt\/wp-json\/wp\/v2\/product"}],"about":[{"href":"https:\/\/beautysba.co.uk\/lt\/wp-json\/wp\/v2\/types\/product"}],"replies":[{"embeddable":true,"href":"https:\/\/beautysba.co.uk\/lt\/wp-json\/wp\/v2\/comments?post=9775"}],"wp:featuredmedia":[{"embeddable":true,"href":"https:\/\/beautysba.co.uk\/lt\/wp-json\/wp\/v2\/media\/9773"}],"wp:attachment":[{"href":"https:\/\/beautysba.co.uk\/lt\/wp-json\/wp\/v2\/media?parent=9775"}],"wp:term":[{"taxonomy":"product_brand","embeddable":true,"href":"https:\/\/beautysba.co.uk\/lt\/wp-json\/wp\/v2\/product_brand?post=9775"},{"taxonomy":"product_cat","embeddable":true,"href":"https:\/\/beautysba.co.uk\/lt\/wp-json\/wp\/v2\/product_cat?post=9775"},{"taxonomy":"product_tag","embeddable":true,"href":"https:\/\/beautysba.co.uk\/lt\/wp-json\/wp\/v2\/product_tag?post=9775"}],"curies":[{"name":"wp","href":"https:\/\/api.w.org\/{rel}","templated":true}]}}