{"id":9784,"date":"2022-10-21T20:18:50","date_gmt":"2022-10-21T20:18:50","guid":{"rendered":"https:\/\/beautysba.co.uk\/product\/dr-muller-pharma-anginal-%d1%81%d0%bf%d1%80%d0%b5%d0%b9-%d1%81-%d0%b8%d1%81%d0%bb%d0%b0%d0%bd%d0%b4%d1%81%d0%ba%d0%b8%d0%bc-%d0%bc%d1%85%d0%be%d0%bc-30-%d0%bc%d0%bb\/"},"modified":"2023-03-14T06:45:07","modified_gmt":"2023-03-14T06:45:07","slug":"dr-muller-pharma-anginalinis-purskalas-island-moss-30ml","status":"publish","type":"product","link":"https:\/\/beautysba.co.uk\/lt\/produktas\/dr-muller-pharma-anginalinis-purskalas-island-moss-30ml\/","title":{"rendered":"DR. MULLER PHARMA Anginal &#8211; pur\u0161kalas su islandin\u0117mis samanomis, 30 ml."},"content":{"rendered":"<p>Burnos pur\u0161kalas su islandin\u0117mis kerp\u0117mis yra burnos higienos priemon\u0117, skirta burnos gleivinei pri\u017ei\u016br\u0117ti. Geriamasis pur\u0161kalas su islandin\u0117mis kerp\u0117mis yra tradicin\u0117 priemon\u0117, padedanti nuraminti sudirgusias gleivines. Jis palaiko ger\u0105 burnos ertm\u0117s b\u016bkl\u0119, dr\u0117kina gleivin\u0119 ir slopina blog\u0105 burnos kvap\u0105.<\/p>\n","protected":false},"excerpt":{"rendered":"<p>Burnos pur\u0161kalas su islandin\u0117mis kerp\u0117mis yra burnos higienos priemon\u0117, skirta burnos gleivinei pri\u017ei\u016br\u0117ti. Geriamasis pur\u0161kalas su islandin\u0117mis kerp\u0117mis yra tradicin\u0117 priemon\u0117, padedanti nuraminti sudirgusias gleivines. Jis palaiko ger\u0105 burnos ertm\u0117s b\u016bkl\u0119, dr\u0117kina gleivin\u0119 ir slopina blog\u0105 burnos kvap\u0105.<\/p>\n","protected":false},"featured_media":9779,"comment_status":"open","ping_status":"closed","template":"","meta":[],"product_brand":[],"product_cat":[217,220],"product_tag":[],"class_list":{"0":"post-9784","1":"product","2":"type-product","3":"status-publish","4":"has-post-thumbnail","6":"product_cat-sveikatos-prieziura","7":"product_cat-zarnyno-sveikata","9":"first","10":"outofstock","11":"shipping-taxable","12":"purchasable","13":"product-type-simple"},"_links":{"self":[{"href":"https:\/\/beautysba.co.uk\/lt\/wp-json\/wp\/v2\/product\/9784","targetHints":{"allow":["GET"]}}],"collection":[{"href":"https:\/\/beautysba.co.uk\/lt\/wp-json\/wp\/v2\/product"}],"about":[{"href":"https:\/\/beautysba.co.uk\/lt\/wp-json\/wp\/v2\/types\/product"}],"replies":[{"embeddable":true,"href":"https:\/\/beautysba.co.uk\/lt\/wp-json\/wp\/v2\/comments?post=9784"}],"wp:featuredmedia":[{"embeddable":true,"href":"https:\/\/beautysba.co.uk\/lt\/wp-json\/wp\/v2\/media\/9779"}],"wp:attachment":[{"href":"https:\/\/beautysba.co.uk\/lt\/wp-json\/wp\/v2\/media?parent=9784"}],"wp:term":[{"taxonomy":"product_brand","embeddable":true,"href":"https:\/\/beautysba.co.uk\/lt\/wp-json\/wp\/v2\/product_brand?post=9784"},{"taxonomy":"product_cat","embeddable":true,"href":"https:\/\/beautysba.co.uk\/lt\/wp-json\/wp\/v2\/product_cat?post=9784"},{"taxonomy":"product_tag","embeddable":true,"href":"https:\/\/beautysba.co.uk\/lt\/wp-json\/wp\/v2\/product_tag?post=9784"}],"curies":[{"name":"wp","href":"https:\/\/api.w.org\/{rel}","templated":true}]}}