{"id":9796,"date":"2022-10-21T20:27:29","date_gmt":"2022-10-21T20:27:29","guid":{"rendered":"https:\/\/beautysba.co.uk\/product\/%d0%bc%d0%b0%d1%81%d0%ba%d0%b0-%d1%80%d0%b5%d1%86%d0%b5%d0%bf%d1%82%d1%8b-%d0%b1%d0%b0%d0%b1%d1%83%d1%88%d0%ba%d0%b8-%d0%b0%d0%b3%d0%b0%d1%84%d1%8c%d0%b8-%d1%8f%d0%b8%d1%87%d0%bd%d0%b0%d1%8f-%d0%bf\/"},"modified":"2023-03-14T06:45:08","modified_gmt":"2023-03-14T06:45:08","slug":"babuskos-agafio-kiausinio-kiausinio-kauke-p","status":"publish","type":"product","link":"https:\/\/beautysba.co.uk\/lt\/produktas\/babuskos-agafio-kiausinio-kiausinio-kauke-p\/","title":{"rendered":"Granny Agafya Kiau\u0161ini\u0173 maitinamoji kauk\u0117 300 ml"},"content":{"rendered":"<p>Gra\u017ei\u0173 ir sveik\u0173 plauk\u0173 mada visada buvo ir bus populiari tiek tarp vyr\u0173, tiek tarp moter\u0173. Gra\u017e\u016bs plaukai suteikia moteriai pasitik\u0117jimo savimi ir yra jos puo\u0161mena, o vyras, tur\u0117damas patrauklius plaukus, turi daug daugiau galimybi\u0173 tapti tikru sekso simboliu.<\/p>\n<p>Kad plaukai ilgus metus i\u0161likt\u0173 patraukl\u016bs ir stipr\u016bs, patartina juos pri\u017ei\u016br\u0117ti ne tik \u0161amp\u016bnu, bet ir reguliariai naudoti kondicionierius, serumus, balzamus ir, \u017einoma, plauk\u0173 kaukes.  <b>Kiau\u0161ini\u0173 kauk\u0117<\/b>, sukurta pagal mo\u010diut\u0117s Agafijos receptus, skirta intensyviai maitinti ir stiprinti plauk\u0173 folikulus ir stulpelius.<\/p>\n<p>Kiau\u0161iniuose esantys baltymai \u0161velniai r\u016bpinasi plauk\u0173 strukt\u016bra &#8211; jie tampa mink\u0161tesni ir \u0161ilkiniai, o kauk\u0117je esantis rugi\u0173 salyklas pasir\u016bpins l\u016b\u017ein\u0117jan\u010diais ir skilin\u0117jan\u010diais plaukais.<\/p>\n","protected":false},"excerpt":{"rendered":"<p>Gra\u017ei\u0173 ir sveik\u0173 plauk\u0173 mada visada buvo ir bus populiari tiek tarp vyr\u0173, tiek tarp moter\u0173. Gra\u017e\u016bs plaukai suteikia moteriai pasitik\u0117jimo savimi ir yra jos puo\u0161mena, o vyras, tur\u0117damas patrauklius plaukus, turi daug daugiau galimybi\u0173 tapti tikru sekso simboliu. Kad plaukai ilgus metus i\u0161likt\u0173 patraukl\u016bs ir stipr\u016bs, patartina juos pri\u017ei\u016br\u0117ti ne tik \u0161amp\u016bnu, bet ir [&hellip;]<\/p>\n","protected":false},"featured_media":9794,"comment_status":"open","ping_status":"closed","template":"","meta":[],"product_brand":[],"product_cat":[211,125,214],"product_tag":[],"class_list":{"0":"post-9796","1":"product","2":"type-product","3":"status-publish","4":"has-post-thumbnail","6":"product_cat-hair-lt","7":"product_cat-ispardavimas","8":"product_cat-plauku-kaukes","10":"first","11":"outofstock","12":"sale","13":"shipping-taxable","14":"purchasable","15":"product-type-simple"},"_links":{"self":[{"href":"https:\/\/beautysba.co.uk\/lt\/wp-json\/wp\/v2\/product\/9796","targetHints":{"allow":["GET"]}}],"collection":[{"href":"https:\/\/beautysba.co.uk\/lt\/wp-json\/wp\/v2\/product"}],"about":[{"href":"https:\/\/beautysba.co.uk\/lt\/wp-json\/wp\/v2\/types\/product"}],"replies":[{"embeddable":true,"href":"https:\/\/beautysba.co.uk\/lt\/wp-json\/wp\/v2\/comments?post=9796"}],"wp:featuredmedia":[{"embeddable":true,"href":"https:\/\/beautysba.co.uk\/lt\/wp-json\/wp\/v2\/media\/9794"}],"wp:attachment":[{"href":"https:\/\/beautysba.co.uk\/lt\/wp-json\/wp\/v2\/media?parent=9796"}],"wp:term":[{"taxonomy":"product_brand","embeddable":true,"href":"https:\/\/beautysba.co.uk\/lt\/wp-json\/wp\/v2\/product_brand?post=9796"},{"taxonomy":"product_cat","embeddable":true,"href":"https:\/\/beautysba.co.uk\/lt\/wp-json\/wp\/v2\/product_cat?post=9796"},{"taxonomy":"product_tag","embeddable":true,"href":"https:\/\/beautysba.co.uk\/lt\/wp-json\/wp\/v2\/product_tag?post=9796"}],"curies":[{"name":"wp","href":"https:\/\/api.w.org\/{rel}","templated":true}]}}