{"id":9802,"date":"2022-10-21T20:31:12","date_gmt":"2022-10-21T20:31:12","guid":{"rendered":"https:\/\/beautysba.co.uk\/product\/%d0%bc%d0%b0%d1%81%d0%ba%d0%b0-%d0%b4%d0%bb%d1%8f-%d0%b2%d0%be%d0%bb%d0%be%d1%81-%d0%b1%d0%b0%d0%b1%d1%83%d1%88%d0%ba%d0%b0-%d0%b0%d0%b3%d0%b0%d1%84%d1%8c%d1%8f-%d0%b4%d1%80%d0%be%d0%b6%d0%b6%d0%b5\/"},"modified":"2023-07-10T19:53:37","modified_gmt":"2023-07-10T19:53:37","slug":"mociutes-agafijos-sulciu-plauku-kauke","status":"publish","type":"product","link":"https:\/\/beautysba.co.uk\/lt\/produktas\/mociutes-agafijos-sulciu-plauku-kauke\/","title":{"rendered":"Grandma Agafya Mieli\u0173 kauk\u0117 plaukams 300 ml"},"content":{"rendered":"<p>Alaus miel\u0117s yra nat\u016bralus visaver\u010di\u0173 baltym\u0173, vitamin\u0173 ir mikroelement\u0173 \u0161altinis, kurie prasiskverbia \u012f plauko strukt\u016br\u0105, skatina med\u017eiag\u0173 apykait\u0105 ir spartina plauk\u0173 augim\u0105. Kvie\u010di\u0173 gemal\u0173 aliejus turi regeneruojam\u0105j\u012f poveik\u012f plaukams, neleid\u017eia jiems slinkti.<\/p>\n<table>\n<tbody>\n<tr>\n<td><span class=\"op-param-name\">Taikymo b\u016bdas<\/span><\/td>\n<td><span class=\"op-param-value\">Nedidel\u012f kiek\u012f kauk\u0117s u\u017etepkite ant \u0161vari\u0173, dr\u0117gn\u0173 plauk\u0173, tolygiai paskirstykite per vis\u0105 plauk\u0173 ilg\u012f ir palikite 3-5 minutes. Gerai nuplaukite vandeniu.<\/span><\/td>\n<\/tr>\n<\/tbody>\n<\/table>\n","protected":false},"excerpt":{"rendered":"<p>Alaus miel\u0117s yra nat\u016bralus visaver\u010di\u0173 baltym\u0173, vitamin\u0173 ir mikroelement\u0173 \u0161altinis, kurie prasiskverbia \u012f plauko strukt\u016br\u0105, skatina med\u017eiag\u0173 apykait\u0105 ir spartina plauk\u0173 augim\u0105. Kvie\u010di\u0173 gemal\u0173 aliejus turi regeneruojam\u0105j\u012f poveik\u012f plaukams, neleid\u017eia jiems slinkti. Taikymo b\u016bdas Nedidel\u012f kiek\u012f kauk\u0117s u\u017etepkite ant \u0161vari\u0173, dr\u0117gn\u0173 plauk\u0173, tolygiai paskirstykite per vis\u0105 plauk\u0173 ilg\u012f ir palikite 3-5 minutes. Gerai nuplaukite vandeniu.<\/p>\n","protected":false},"featured_media":9800,"comment_status":"open","ping_status":"closed","template":"","meta":[],"product_brand":[],"product_cat":[211,125,214],"product_tag":[],"class_list":{"0":"post-9802","1":"product","2":"type-product","3":"status-publish","4":"has-post-thumbnail","6":"product_cat-hair-lt","7":"product_cat-ispardavimas","8":"product_cat-plauku-kaukes","10":"first","11":"outofstock","12":"sale","13":"shipping-taxable","14":"purchasable","15":"product-type-simple"},"_links":{"self":[{"href":"https:\/\/beautysba.co.uk\/lt\/wp-json\/wp\/v2\/product\/9802","targetHints":{"allow":["GET"]}}],"collection":[{"href":"https:\/\/beautysba.co.uk\/lt\/wp-json\/wp\/v2\/product"}],"about":[{"href":"https:\/\/beautysba.co.uk\/lt\/wp-json\/wp\/v2\/types\/product"}],"replies":[{"embeddable":true,"href":"https:\/\/beautysba.co.uk\/lt\/wp-json\/wp\/v2\/comments?post=9802"}],"wp:featuredmedia":[{"embeddable":true,"href":"https:\/\/beautysba.co.uk\/lt\/wp-json\/wp\/v2\/media\/9800"}],"wp:attachment":[{"href":"https:\/\/beautysba.co.uk\/lt\/wp-json\/wp\/v2\/media?parent=9802"}],"wp:term":[{"taxonomy":"product_brand","embeddable":true,"href":"https:\/\/beautysba.co.uk\/lt\/wp-json\/wp\/v2\/product_brand?post=9802"},{"taxonomy":"product_cat","embeddable":true,"href":"https:\/\/beautysba.co.uk\/lt\/wp-json\/wp\/v2\/product_cat?post=9802"},{"taxonomy":"product_tag","embeddable":true,"href":"https:\/\/beautysba.co.uk\/lt\/wp-json\/wp\/v2\/product_tag?post=9802"}],"curies":[{"name":"wp","href":"https:\/\/api.w.org\/{rel}","templated":true}]}}