{"id":9851,"date":"2022-10-22T07:47:44","date_gmt":"2022-10-22T07:47:44","guid":{"rendered":"https:\/\/beautysba.co.uk\/product\/%d0%ba%d1%83%d1%85%d0%be%d0%bd%d0%bd%d1%8b%d0%b5-%d0%bf%d0%be%d0%bb%d0%be%d1%82%d0%b5%d0%bd%d1%86%d0%b0-%d0%b7%d0%b0%d0%b9%d0%ba%d0%b8-%d1%86%d0%b2%d0%b5%d1%82%d0%bd%d1%8b%d0%b5\/"},"modified":"2023-03-14T06:51:27","modified_gmt":"2023-03-14T06:51:27","slug":"virtuviniai-ranksluosciai-ranksluosciai-spalvoti","status":"publish","type":"product","link":"https:\/\/beautysba.co.uk\/lt\/produktas\/virtuviniai-ranksluosciai-ranksluosciai-spalvoti\/","title":{"rendered":"Spalvingi virtuv\u0117s rank\u0161luos\u010diai su triu\u0161iukais"},"content":{"rendered":"<p>100 % medviln\u0117<\/p>\n<p>6 vienetai<\/p>\n<p>30*50 cm<\/p>\n","protected":false},"excerpt":{"rendered":"<p>100 % medviln\u0117 6 vienetai 30*50 cm<\/p>\n","protected":false},"featured_media":9849,"comment_status":"open","ping_status":"closed","template":"","meta":[],"product_brand":[],"product_cat":[200],"product_tag":[],"class_list":{"0":"post-9851","1":"product","2":"type-product","3":"status-publish","4":"has-post-thumbnail","6":"product_cat-namams","8":"first","9":"outofstock","10":"shipping-taxable","11":"purchasable","12":"product-type-simple"},"_links":{"self":[{"href":"https:\/\/beautysba.co.uk\/lt\/wp-json\/wp\/v2\/product\/9851","targetHints":{"allow":["GET"]}}],"collection":[{"href":"https:\/\/beautysba.co.uk\/lt\/wp-json\/wp\/v2\/product"}],"about":[{"href":"https:\/\/beautysba.co.uk\/lt\/wp-json\/wp\/v2\/types\/product"}],"replies":[{"embeddable":true,"href":"https:\/\/beautysba.co.uk\/lt\/wp-json\/wp\/v2\/comments?post=9851"}],"wp:featuredmedia":[{"embeddable":true,"href":"https:\/\/beautysba.co.uk\/lt\/wp-json\/wp\/v2\/media\/9849"}],"wp:attachment":[{"href":"https:\/\/beautysba.co.uk\/lt\/wp-json\/wp\/v2\/media?parent=9851"}],"wp:term":[{"taxonomy":"product_brand","embeddable":true,"href":"https:\/\/beautysba.co.uk\/lt\/wp-json\/wp\/v2\/product_brand?post=9851"},{"taxonomy":"product_cat","embeddable":true,"href":"https:\/\/beautysba.co.uk\/lt\/wp-json\/wp\/v2\/product_cat?post=9851"},{"taxonomy":"product_tag","embeddable":true,"href":"https:\/\/beautysba.co.uk\/lt\/wp-json\/wp\/v2\/product_tag?post=9851"}],"curies":[{"name":"wp","href":"https:\/\/api.w.org\/{rel}","templated":true}]}}