{"id":9897,"date":"2022-11-03T12:22:40","date_gmt":"2022-11-03T12:22:40","guid":{"rendered":"https:\/\/beautysba.co.uk\/product\/%d1%82%d1%83%d1%88%d1%8c-%d0%b4%d0%bb%d1%8f-%d1%80%d0%b5%d1%81%d0%bd%d0%b8%d1%86-flashes-%d0%b2%d0%b7%d1%80%d1%8b%d0%b2%d0%bd%d0%be%d0%b9-%d0%be%d0%b1%d1%8a%d0%b5%d0%bc-%d0%b1%d0%b5%d1%81%d0%ba\/"},"modified":"2023-03-14T06:51:27","modified_gmt":"2023-03-14T06:51:27","slug":"blakstienu-tusas-blykstems-sprogstamasis-baltasis","status":"publish","type":"product","link":"https:\/\/beautysba.co.uk\/lt\/produktas\/blakstienu-tusas-blykstems-sprogstamasis-baltasis\/","title":{"rendered":"FLASHES &#8220;Explosive Volume + Endless Length&#8221; blakstien\u0173 tu\u0161as"},"content":{"rendered":"<p>Koketi\u0161kos blakstienos vienu gestu!<\/p>\n<p>Juodos spalvos blakstien\u0173 tu\u0161as su itin \u0161viesiu \u0161epet\u0117liu, u\u017etikrinan\u010diu maksimal\u0173 spalvos atspalv\u012f, ir ypatingos formos \u0161epet\u0117liu, kuris maksimaliai priglunda prie blakstien\u0173. Trumpi \u0161ereliai u\u017efiksuoja ir nuda\u017eo net pa\u010dias ma\u017eiausias, nematomas blakstienas. Ilgi \u0161ereliai i\u0161tempia ir i\u0161ry\u0161kina blakstienas, sukurdami FLASH efekt\u0105 &#8211; nuostab\u0173 blyksnio efekt\u0105.<\/p>\n","protected":false},"excerpt":{"rendered":"<p>Koketi\u0161kos blakstienos vienu gestu! Juodos spalvos blakstien\u0173 tu\u0161as su itin \u0161viesiu \u0161epet\u0117liu, u\u017etikrinan\u010diu maksimal\u0173 spalvos atspalv\u012f, ir ypatingos formos \u0161epet\u0117liu, kuris maksimaliai priglunda prie blakstien\u0173. Trumpi \u0161ereliai u\u017efiksuoja ir nuda\u017eo net pa\u010dias ma\u017eiausias, nematomas blakstienas. Ilgi \u0161ereliai i\u0161tempia ir i\u0161ry\u0161kina blakstienas, sukurdami FLASH efekt\u0105 &#8211; nuostab\u0173 blyksnio efekt\u0105.<\/p>\n","protected":false},"featured_media":9895,"comment_status":"open","ping_status":"closed","template":"","meta":[],"product_brand":[],"product_cat":[195],"product_tag":[],"class_list":{"0":"post-9897","1":"product","2":"type-product","3":"status-publish","4":"has-post-thumbnail","6":"product_cat-blakstienu-tusas","8":"first","9":"outofstock","10":"shipping-taxable","11":"purchasable","12":"product-type-simple"},"_links":{"self":[{"href":"https:\/\/beautysba.co.uk\/lt\/wp-json\/wp\/v2\/product\/9897","targetHints":{"allow":["GET"]}}],"collection":[{"href":"https:\/\/beautysba.co.uk\/lt\/wp-json\/wp\/v2\/product"}],"about":[{"href":"https:\/\/beautysba.co.uk\/lt\/wp-json\/wp\/v2\/types\/product"}],"replies":[{"embeddable":true,"href":"https:\/\/beautysba.co.uk\/lt\/wp-json\/wp\/v2\/comments?post=9897"}],"wp:featuredmedia":[{"embeddable":true,"href":"https:\/\/beautysba.co.uk\/lt\/wp-json\/wp\/v2\/media\/9895"}],"wp:attachment":[{"href":"https:\/\/beautysba.co.uk\/lt\/wp-json\/wp\/v2\/media?parent=9897"}],"wp:term":[{"taxonomy":"product_brand","embeddable":true,"href":"https:\/\/beautysba.co.uk\/lt\/wp-json\/wp\/v2\/product_brand?post=9897"},{"taxonomy":"product_cat","embeddable":true,"href":"https:\/\/beautysba.co.uk\/lt\/wp-json\/wp\/v2\/product_cat?post=9897"},{"taxonomy":"product_tag","embeddable":true,"href":"https:\/\/beautysba.co.uk\/lt\/wp-json\/wp\/v2\/product_tag?post=9897"}],"curies":[{"name":"wp","href":"https:\/\/api.w.org\/{rel}","templated":true}]}}